{"id":53478,"date":"2022-05-12T09:09:10","date_gmt":"2022-05-12T13:09:10","guid":{"rendered":"https:\/\/sipromac.com\/wp\/?post_type=product&#038;p=53478"},"modified":"2025-05-20T12:49:00","modified_gmt":"2025-05-20T16:49:00","slug":"pompe","status":"publish","type":"product","link":"https:\/\/sipromac.com\/fr\/produit\/pompe\/","title":{"rendered":"Pompe"},"content":{"rendered":"<p>Plus la pompe est grosse, plus rapide elle sera. Augmenter votre capacit\u00e9 de production en r\u00e9duisant jusqu&#8217;\u00e0 15 secondes le temps de scellage.<\/p>\n","protected":false},"excerpt":{"rendered":"<p>Plus la pompe est grosse, plus rapide elle sera. Augmenter votre capacit\u00e9 de production en r\u00e9duisant jusqu&#8217;\u00e0 15 secondes le temps de scellage.<\/p>\n","protected":false},"featured_media":53319,"template":"","meta":{"_acf_changed":false,"_et_pb_use_builder":"","_et_pb_old_content":"","_et_gb_content_width":"","inline_featured_image":false,"slim_seo":{"noindex":true}},"product_brand":[],"product_cat":[36],"product_tag":[],"class_list":{"0":"post-53478","1":"product","2":"type-product","3":"status-publish","4":"has-post-thumbnail","6":"product_cat-options-disponibles","8":"first","9":"outofstock","10":"taxable","11":"shipping-taxable","12":"purchasable","13":"product-type-simple"},"acf":[],"_links":{"self":[{"href":"https:\/\/sipromac.com\/fr\/wp-json\/wp\/v2\/product\/53478","targetHints":{"allow":["GET"]}}],"collection":[{"href":"https:\/\/sipromac.com\/fr\/wp-json\/wp\/v2\/product"}],"about":[{"href":"https:\/\/sipromac.com\/fr\/wp-json\/wp\/v2\/types\/product"}],"wp:featuredmedia":[{"embeddable":true,"href":"https:\/\/sipromac.com\/fr\/wp-json\/wp\/v2\/media\/53319"}],"wp:attachment":[{"href":"https:\/\/sipromac.com\/fr\/wp-json\/wp\/v2\/media?parent=53478"}],"wp:term":[{"taxonomy":"product_brand","embeddable":true,"href":"https:\/\/sipromac.com\/fr\/wp-json\/wp\/v2\/product_brand?post=53478"},{"taxonomy":"product_cat","embeddable":true,"href":"https:\/\/sipromac.com\/fr\/wp-json\/wp\/v2\/product_cat?post=53478"},{"taxonomy":"product_tag","embeddable":true,"href":"https:\/\/sipromac.com\/fr\/wp-json\/wp\/v2\/product_tag?post=53478"}],"curies":[{"name":"wp","href":"https:\/\/api.w.org\/{rel}","templated":true}]}}