{"id":53152,"date":"2022-04-28T15:08:54","date_gmt":"2022-04-28T19:08:54","guid":{"rendered":"https:\/\/sipromac.com\/wp\/?post_type=product&#038;p=53152"},"modified":"2026-03-02T10:17:34","modified_gmt":"2026-03-02T15:17:34","slug":"emballeuse-sous-vide-a-chambre-double-modele-420a","status":"publish","type":"product","link":"https:\/\/sipromac.com\/fr\/produit\/emballeuse-sous-vide-a-chambre-double-modele-420a\/","title":{"rendered":"Emballeuse sous vide \u00e0 chambre double mod\u00e8le 420A"},"content":{"rendered":"<p>La plus grosse et performante de la gamme Sipromac, la machine sous vide \u00e0 double chambre augmente consid\u00e9rablement la capacit\u00e9 de production d\u2019une ligne d\u2019emballage. La double chambre permet de charger les sacs pendant le scellage de l\u2019autre chambre. Ergonomique, la cloche est op\u00e9r\u00e9e par un syst\u00e8me unique de ressorts qui permet \u00e0 l\u2019op\u00e9rateur de la manipuler avec un seul doigt.<\/p>\n<p>De capacit\u00e9 industrielle, la double chambre est optimale pour emballer de gros volumes de produits de plus grandes dimensions.<\/p>\n","protected":false},"excerpt":{"rendered":"<p>La plus grosse et performante de la gamme Sipromac, la machine sous vide \u00e0 double chambre augmente consid\u00e9rablement la capacit\u00e9 de production d\u2019une ligne d\u2019emballage. La double chambre permet de charger les sacs pendant le scellage de l\u2019autre chambre. Ergonomique, la cloche est op\u00e9r\u00e9e par un syst\u00e8me unique de ressorts qui permet \u00e0 l\u2019op\u00e9rateur de la manipuler avec un seul doigt.<\/p>\n<p>De capacit\u00e9 industrielle, la double chambre est optimale pour emballer de gros volumes de produits de plus grandes dimensions.<\/p>\n","protected":false},"featured_media":53607,"template":"","meta":{"_acf_changed":false,"_et_pb_use_builder":"","_et_pb_old_content":"","_et_gb_content_width":"","inline_featured_image":false,"slim_seo":{"title":"Machine Sous Vide Professionnelle Double Chambre | Sipromac","description":"La plus performante de la gamme Sipromac, la machine sous vide \u00e0 double chambre augmente consid\u00e9rablement la capacit\u00e9 de production d\u2019une ligne d\u2019emballage."}},"product_brand":[],"product_cat":[35],"product_tag":[],"class_list":{"0":"post-53152","1":"product","2":"type-product","3":"status-publish","4":"has-post-thumbnail","6":"product_cat-emballeuse-sous-vide-a-chambre-double","8":"first","9":"instock","10":"taxable","11":"shipping-taxable","12":"purchasable","13":"product-type-simple"},"acf":[],"_links":{"self":[{"href":"https:\/\/sipromac.com\/fr\/wp-json\/wp\/v2\/product\/53152","targetHints":{"allow":["GET"]}}],"collection":[{"href":"https:\/\/sipromac.com\/fr\/wp-json\/wp\/v2\/product"}],"about":[{"href":"https:\/\/sipromac.com\/fr\/wp-json\/wp\/v2\/types\/product"}],"wp:featuredmedia":[{"embeddable":true,"href":"https:\/\/sipromac.com\/fr\/wp-json\/wp\/v2\/media\/53607"}],"wp:attachment":[{"href":"https:\/\/sipromac.com\/fr\/wp-json\/wp\/v2\/media?parent=53152"}],"wp:term":[{"taxonomy":"product_brand","embeddable":true,"href":"https:\/\/sipromac.com\/fr\/wp-json\/wp\/v2\/product_brand?post=53152"},{"taxonomy":"product_cat","embeddable":true,"href":"https:\/\/sipromac.com\/fr\/wp-json\/wp\/v2\/product_cat?post=53152"},{"taxonomy":"product_tag","embeddable":true,"href":"https:\/\/sipromac.com\/fr\/wp-json\/wp\/v2\/product_tag?post=53152"}],"curies":[{"name":"wp","href":"https:\/\/api.w.org\/{rel}","templated":true}]}}