{"id":53135,"date":"2022-04-28T14:41:35","date_gmt":"2022-04-28T18:41:35","guid":{"rendered":"https:\/\/sipromac.com\/wp\/?post_type=product&#038;p=53135"},"modified":"2026-03-02T10:14:59","modified_gmt":"2026-03-02T15:14:59","slug":"emballeuse-sous-vide-chambre-simple-modele-450a","status":"publish","type":"product","link":"https:\/\/sipromac.com\/fr\/produit\/emballeuse-sous-vide-chambre-simple-modele-450a\/","title":{"rendered":"Emballeuse sous vide \u00e0 chambre simple mod\u00e8le 450A"},"content":{"rendered":"<p>De moyenne capacit\u00e9, la machine sous vide \u00e0 simple chambre est con\u00e7ue pour une production \u00e0 plus grand rendement ou pour des besoins d\u2019emballages de produits volumineux.<\/p>\n<p>Gr\u00e2ce \u00e0 ses roulettes pivotantes, la machine se d\u00e9place ais\u00e9ment d\u2019un endroit \u00e0 l\u2019autre et permet le nettoyage facile des chambres. L\u2019emballeuse \u00e0 simple chambre offre une hauteur ergonomique sans avoir recours \u00e0 un support ou une table.<\/p>\n","protected":false},"excerpt":{"rendered":"<p>La machine sous vide de table est la solution pour sceller vos petits aliments. Que vous soyez une entreprise en d\u00e9marrage ou bien \u00e9tablie, ce mod\u00e8le s&#8217;appr\u00eate bien \u00e0 de petits volumes de production. Compacte et facilement manipulable, l&#8217;emballeuse de table peut \u00eatre plac\u00e9e sur une table ou un comptoir existant dans votre \u00e9tablissement, maximisant l&#8217;espace.<\/p>\n","protected":false},"featured_media":53643,"template":"","meta":{"_acf_changed":false,"_et_pb_use_builder":"","_et_pb_old_content":"","_et_gb_content_width":"","inline_featured_image":false,"slim_seo":{"title":"Machine Sous Vide Professionnelle Simple Chambre | Sipromac","description":"La machine sous vide \u00e0 simple chambre est con\u00e7ue pour une production \u00e0 plus grand rendement ou pour des besoins d\u2019emballages de produits volumineux."}},"product_brand":[],"product_cat":[34],"product_tag":[],"class_list":{"0":"post-53135","1":"product","2":"type-product","3":"status-publish","4":"has-post-thumbnail","6":"product_cat-emballeuses-sous-vide-a-chambre-simple","8":"first","9":"instock","10":"taxable","11":"shipping-taxable","12":"purchasable","13":"product-type-simple"},"acf":[],"_links":{"self":[{"href":"https:\/\/sipromac.com\/fr\/wp-json\/wp\/v2\/product\/53135","targetHints":{"allow":["GET"]}}],"collection":[{"href":"https:\/\/sipromac.com\/fr\/wp-json\/wp\/v2\/product"}],"about":[{"href":"https:\/\/sipromac.com\/fr\/wp-json\/wp\/v2\/types\/product"}],"wp:featuredmedia":[{"embeddable":true,"href":"https:\/\/sipromac.com\/fr\/wp-json\/wp\/v2\/media\/53643"}],"wp:attachment":[{"href":"https:\/\/sipromac.com\/fr\/wp-json\/wp\/v2\/media?parent=53135"}],"wp:term":[{"taxonomy":"product_brand","embeddable":true,"href":"https:\/\/sipromac.com\/fr\/wp-json\/wp\/v2\/product_brand?post=53135"},{"taxonomy":"product_cat","embeddable":true,"href":"https:\/\/sipromac.com\/fr\/wp-json\/wp\/v2\/product_cat?post=53135"},{"taxonomy":"product_tag","embeddable":true,"href":"https:\/\/sipromac.com\/fr\/wp-json\/wp\/v2\/product_tag?post=53135"}],"curies":[{"name":"wp","href":"https:\/\/api.w.org\/{rel}","templated":true}]}}