{"id":53127,"date":"2022-04-28T14:10:58","date_gmt":"2022-04-28T18:10:58","guid":{"rendered":"https:\/\/sipromac.com\/wp\/?post_type=product&#038;p=53127"},"modified":"2026-03-02T10:14:32","modified_gmt":"2026-03-02T15:14:32","slug":"emballeuse-sous-vide-de-table-modele-380t","status":"publish","type":"product","link":"https:\/\/sipromac.com\/fr\/produit\/emballeuse-sous-vide-de-table-modele-380t\/","title":{"rendered":"Emballeuse sous vide de table mod\u00e8le 380T"},"content":{"rendered":"<p>Id\u00e9al pour les petites productions ou pour les produits plus longs tels que le poisson et c\u00f4tes lev\u00e9es<\/p>\n<p>Les emballeuses de table sont parfaitement adapt\u00e9s aux besoins les plus pouss\u00e9s des \u00e9piceries, boucheries, restaurants et h\u00f4tels pour l\u2019emballage sous-vide de viandes, volailles, poissons, fromages et plus encore. Elles sont aussi appropri\u00e9s pour l\u2019emballage sous-vide d\u2019articles pharmaceutiques, m\u00e9dicaux ou de laboratoires de m\u00eame que pour les besoins vari\u00e9s des secteurs \u00e9lectronique et institutionnel ; circuits imprim\u00e9s, monnaie, v\u00eatements, etc.<\/p>\n","protected":false},"excerpt":{"rendered":"<p>La machine sous vide de table est la solution pour sceller vos petits aliments. Que vous soyez une entreprise en d\u00e9marrage ou bien \u00e9tablie, ce mod\u00e8le s&#8217;appr\u00eate bien \u00e0 de petits volumes de production. Compacte et facilement manipulable, l&#8217;emballeuse de table peut \u00eatre plac\u00e9e sur une table ou un comptoir existant dans votre \u00e9tablissement, maximisant l&#8217;espace.<\/p>\n","protected":false},"featured_media":53639,"template":"","meta":{"_acf_changed":false,"_et_pb_use_builder":"","_et_pb_old_content":"","_et_gb_content_width":"","inline_featured_image":false,"slim_seo":{"title":"Emballeuse Sous Vide de table | Sipromac","description":"La machine sous vide de table est la solution pour sceller vos petits aliments. Ce mod\u00e8le s\u2019appr\u00eate bien \u00e0 de petits volumes de production."}},"product_brand":[],"product_cat":[33],"product_tag":[],"class_list":{"0":"post-53127","1":"product","2":"type-product","3":"status-publish","4":"has-post-thumbnail","6":"product_cat-emballeuses-sous-vide-de-table","8":"first","9":"instock","10":"taxable","11":"shipping-taxable","12":"purchasable","13":"product-type-simple"},"acf":[],"_links":{"self":[{"href":"https:\/\/sipromac.com\/fr\/wp-json\/wp\/v2\/product\/53127","targetHints":{"allow":["GET"]}}],"collection":[{"href":"https:\/\/sipromac.com\/fr\/wp-json\/wp\/v2\/product"}],"about":[{"href":"https:\/\/sipromac.com\/fr\/wp-json\/wp\/v2\/types\/product"}],"wp:featuredmedia":[{"embeddable":true,"href":"https:\/\/sipromac.com\/fr\/wp-json\/wp\/v2\/media\/53639"}],"wp:attachment":[{"href":"https:\/\/sipromac.com\/fr\/wp-json\/wp\/v2\/media?parent=53127"}],"wp:term":[{"taxonomy":"product_brand","embeddable":true,"href":"https:\/\/sipromac.com\/fr\/wp-json\/wp\/v2\/product_brand?post=53127"},{"taxonomy":"product_cat","embeddable":true,"href":"https:\/\/sipromac.com\/fr\/wp-json\/wp\/v2\/product_cat?post=53127"},{"taxonomy":"product_tag","embeddable":true,"href":"https:\/\/sipromac.com\/fr\/wp-json\/wp\/v2\/product_tag?post=53127"}],"curies":[{"name":"wp","href":"https:\/\/api.w.org\/{rel}","templated":true}]}}