{"id":50972,"date":"2022-03-09T12:14:55","date_gmt":"2022-03-09T17:14:55","guid":{"rendered":"https:\/\/sipromac.com\/wp\/?post_type=product&#038;p=50972"},"modified":"2025-05-27T07:36:18","modified_gmt":"2025-05-27T11:36:18","slug":"emballage-sous-atmosphere-modifiee-map-477","status":"publish","type":"product","link":"https:\/\/sipromac.com\/fr\/produit\/emballage-sous-atmosphere-modifiee-map-477\/","title":{"rendered":"Emballage sous atmosph\u00e8re modifi\u00e9e (MAP)"},"content":{"rendered":"<p>L&#8217;air ambiant dans l&#8217;emballage est modifi\u00e9 par l&#8217;ajout de gaz alimentaire, permettant d&#8217;augmenter la dur\u00e9e de conservation de vos aliments.<\/p>\n","protected":false},"excerpt":{"rendered":"<p>L&#8217;air ambiant dans l&#8217;emballage est modifi\u00e9 par l&#8217;ajout de gaz alimentaire, permettant d&#8217;augmenter la dur\u00e9e de conservation de vos aliments.<\/p>\n","protected":false},"featured_media":53329,"template":"","meta":{"_acf_changed":false,"_et_pb_use_builder":"","_et_pb_old_content":"","_et_gb_content_width":"","inline_featured_image":false,"slim_seo":{"noindex":true}},"product_brand":[],"product_cat":[36],"product_tag":[],"class_list":{"0":"post-50972","1":"product","2":"type-product","3":"status-publish","4":"has-post-thumbnail","6":"product_cat-options-disponibles","8":"first","9":"outofstock","10":"taxable","11":"shipping-taxable","12":"purchasable","13":"product-type-simple"},"acf":[],"_links":{"self":[{"href":"https:\/\/sipromac.com\/fr\/wp-json\/wp\/v2\/product\/50972","targetHints":{"allow":["GET"]}}],"collection":[{"href":"https:\/\/sipromac.com\/fr\/wp-json\/wp\/v2\/product"}],"about":[{"href":"https:\/\/sipromac.com\/fr\/wp-json\/wp\/v2\/types\/product"}],"wp:featuredmedia":[{"embeddable":true,"href":"https:\/\/sipromac.com\/fr\/wp-json\/wp\/v2\/media\/53329"}],"wp:attachment":[{"href":"https:\/\/sipromac.com\/fr\/wp-json\/wp\/v2\/media?parent=50972"}],"wp:term":[{"taxonomy":"product_brand","embeddable":true,"href":"https:\/\/sipromac.com\/fr\/wp-json\/wp\/v2\/product_brand?post=50972"},{"taxonomy":"product_cat","embeddable":true,"href":"https:\/\/sipromac.com\/fr\/wp-json\/wp\/v2\/product_cat?post=50972"},{"taxonomy":"product_tag","embeddable":true,"href":"https:\/\/sipromac.com\/fr\/wp-json\/wp\/v2\/product_tag?post=50972"}],"curies":[{"name":"wp","href":"https:\/\/api.w.org\/{rel}","templated":true}]}}