{"id":50971,"date":"2022-03-09T12:14:05","date_gmt":"2022-03-09T17:14:05","guid":{"rendered":"https:\/\/sipromac.com\/wp\/?post_type=product&#038;p=50971"},"modified":"2025-05-27T07:33:19","modified_gmt":"2025-05-27T11:33:19","slug":"coupe-sac","status":"publish","type":"product","link":"https:\/\/sipromac.com\/fr\/produit\/coupe-sac\/","title":{"rendered":"Coupe sac"},"content":{"rendered":"<p>Syst\u00e8me de scellage avec \u00e9l\u00e9ment rond le fil sup\u00e9rieur pr\u00e9-coupe la partie exc\u00e9dentaire du sac. Pour une pr\u00e9sentation visuelle am\u00e9lior\u00e9e<\/p>\n","protected":false},"excerpt":{"rendered":"<p>Syst\u00e8me de scellage avec \u00e9l\u00e9ment rond le fil sup\u00e9rieur pr\u00e9-coupe la partie exc\u00e9dentaire du sac. Pour une pr\u00e9sentation visuelle am\u00e9lior\u00e9e<\/p>\n","protected":false},"featured_media":53739,"template":"","meta":{"_acf_changed":false,"_et_pb_use_builder":"","_et_pb_old_content":"","_et_gb_content_width":"","inline_featured_image":false,"slim_seo":{"noindex":true}},"product_brand":[],"product_cat":[36],"product_tag":[],"class_list":{"0":"post-50971","1":"product","2":"type-product","3":"status-publish","4":"has-post-thumbnail","6":"product_cat-options-disponibles","8":"first","9":"outofstock","10":"featured","11":"taxable","12":"shipping-taxable","13":"product-type-simple"},"acf":[],"_links":{"self":[{"href":"https:\/\/sipromac.com\/fr\/wp-json\/wp\/v2\/product\/50971","targetHints":{"allow":["GET"]}}],"collection":[{"href":"https:\/\/sipromac.com\/fr\/wp-json\/wp\/v2\/product"}],"about":[{"href":"https:\/\/sipromac.com\/fr\/wp-json\/wp\/v2\/types\/product"}],"wp:featuredmedia":[{"embeddable":true,"href":"https:\/\/sipromac.com\/fr\/wp-json\/wp\/v2\/media\/53739"}],"wp:attachment":[{"href":"https:\/\/sipromac.com\/fr\/wp-json\/wp\/v2\/media?parent=50971"}],"wp:term":[{"taxonomy":"product_brand","embeddable":true,"href":"https:\/\/sipromac.com\/fr\/wp-json\/wp\/v2\/product_brand?post=50971"},{"taxonomy":"product_cat","embeddable":true,"href":"https:\/\/sipromac.com\/fr\/wp-json\/wp\/v2\/product_cat?post=50971"},{"taxonomy":"product_tag","embeddable":true,"href":"https:\/\/sipromac.com\/fr\/wp-json\/wp\/v2\/product_tag?post=50971"}],"curies":[{"name":"wp","href":"https:\/\/api.w.org\/{rel}","templated":true}]}}