{"id":50924,"date":"2022-03-04T12:15:43","date_gmt":"2022-03-04T17:15:43","guid":{"rendered":"https:\/\/sipromac.com\/wp\/?post_type=product&#038;p=50924"},"modified":"2025-05-27T07:36:38","modified_gmt":"2025-05-27T11:36:38","slug":"plaque-inclinee-en-acier-inoxydable","status":"publish","type":"product","link":"https:\/\/sipromac.com\/fr\/produit\/plaque-inclinee-en-acier-inoxydable\/","title":{"rendered":"Plaque inclin\u00e9e en acier inoxydable"},"content":{"rendered":"<p>Emp\u00eache les produits liquides de se d\u00e9verser \u00e0 l&#8217;int\u00e9rieur de la machine. Id\u00e9al pour l&#8217;emballage d&#8217;aliments marin\u00e9s, les soupes et les sauces. Hauteur de la plaque ajustable.<\/p>\n","protected":false},"excerpt":{"rendered":"<p>Emp\u00eache les produits liquides de se d\u00e9verser \u00e0 l&#8217;int\u00e9rieur de la machine. Id\u00e9al pour l&#8217;emballage d&#8217;aliments marin\u00e9s, les soupes et les sauces. Hauteur de la plaque ajustable.<\/p>\n","protected":false},"featured_media":53331,"template":"","meta":{"_acf_changed":false,"_et_pb_use_builder":"","_et_pb_old_content":"","_et_gb_content_width":"","inline_featured_image":false,"slim_seo":{"noindex":true}},"product_brand":[],"product_cat":[36],"product_tag":[],"class_list":{"0":"post-50924","1":"product","2":"type-product","3":"status-publish","4":"has-post-thumbnail","6":"product_cat-options-disponibles","8":"first","9":"outofstock","10":"taxable","11":"shipping-taxable","12":"purchasable","13":"product-type-simple"},"acf":[],"_links":{"self":[{"href":"https:\/\/sipromac.com\/fr\/wp-json\/wp\/v2\/product\/50924","targetHints":{"allow":["GET"]}}],"collection":[{"href":"https:\/\/sipromac.com\/fr\/wp-json\/wp\/v2\/product"}],"about":[{"href":"https:\/\/sipromac.com\/fr\/wp-json\/wp\/v2\/types\/product"}],"wp:featuredmedia":[{"embeddable":true,"href":"https:\/\/sipromac.com\/fr\/wp-json\/wp\/v2\/media\/53331"}],"wp:attachment":[{"href":"https:\/\/sipromac.com\/fr\/wp-json\/wp\/v2\/media?parent=50924"}],"wp:term":[{"taxonomy":"product_brand","embeddable":true,"href":"https:\/\/sipromac.com\/fr\/wp-json\/wp\/v2\/product_brand?post=50924"},{"taxonomy":"product_cat","embeddable":true,"href":"https:\/\/sipromac.com\/fr\/wp-json\/wp\/v2\/product_cat?post=50924"},{"taxonomy":"product_tag","embeddable":true,"href":"https:\/\/sipromac.com\/fr\/wp-json\/wp\/v2\/product_tag?post=50924"}],"curies":[{"name":"wp","href":"https:\/\/api.w.org\/{rel}","templated":true}]}}