{"id":50923,"date":"2022-03-04T12:15:13","date_gmt":"2022-03-04T17:15:13","guid":{"rendered":"https:\/\/sipromac.com\/wp\/?post_type=product&#038;p=50923"},"modified":"2025-05-20T09:53:49","modified_gmt":"2025-05-20T13:53:49","slug":"chariot-en-acier-inoxydable","status":"publish","type":"product","link":"https:\/\/sipromac.com\/fr\/produit\/chariot-en-acier-inoxydable\/","title":{"rendered":"Chariot en acier inoxydable"},"content":{"rendered":"<p>Id\u00e9al lorsque l&#8217;emballeuse sous vide doit \u00eatre d\u00e9plac\u00e9e fr\u00e9quemment et pour une hauteur de travail ergonomique.<\/p>\n","protected":false},"excerpt":{"rendered":"<p>Id\u00e9al lorsque l&#8217;emballeuse sous vide doit \u00eatre d\u00e9plac\u00e9e fr\u00e9quemment et pour une hauteur de travail ergonomique.<\/p>\n","protected":false},"featured_media":53483,"template":"","meta":{"_acf_changed":false,"_et_pb_use_builder":"","_et_pb_old_content":"","_et_gb_content_width":"","inline_featured_image":false,"slim_seo":{"noindex":true}},"product_brand":[],"product_cat":[36],"product_tag":[],"class_list":{"0":"post-50923","1":"product","2":"type-product","3":"status-publish","4":"has-post-thumbnail","6":"product_cat-options-disponibles","8":"first","9":"instock","10":"taxable","11":"shipping-taxable","12":"purchasable","13":"product-type-simple"},"acf":[],"_links":{"self":[{"href":"https:\/\/sipromac.com\/fr\/wp-json\/wp\/v2\/product\/50923","targetHints":{"allow":["GET"]}}],"collection":[{"href":"https:\/\/sipromac.com\/fr\/wp-json\/wp\/v2\/product"}],"about":[{"href":"https:\/\/sipromac.com\/fr\/wp-json\/wp\/v2\/types\/product"}],"wp:featuredmedia":[{"embeddable":true,"href":"https:\/\/sipromac.com\/fr\/wp-json\/wp\/v2\/media\/53483"}],"wp:attachment":[{"href":"https:\/\/sipromac.com\/fr\/wp-json\/wp\/v2\/media?parent=50923"}],"wp:term":[{"taxonomy":"product_brand","embeddable":true,"href":"https:\/\/sipromac.com\/fr\/wp-json\/wp\/v2\/product_brand?post=50923"},{"taxonomy":"product_cat","embeddable":true,"href":"https:\/\/sipromac.com\/fr\/wp-json\/wp\/v2\/product_cat?post=50923"},{"taxonomy":"product_tag","embeddable":true,"href":"https:\/\/sipromac.com\/fr\/wp-json\/wp\/v2\/product_tag?post=50923"}],"curies":[{"name":"wp","href":"https:\/\/api.w.org\/{rel}","templated":true}]}}