{"id":50922,"date":"2022-03-04T12:13:52","date_gmt":"2022-03-04T17:13:52","guid":{"rendered":"https:\/\/sipromac.com\/wp\/?post_type=product&#038;p=50922"},"modified":"2025-05-27T07:36:55","modified_gmt":"2025-05-27T11:36:55","slug":"retour-a-air-progressif","status":"publish","type":"product","link":"https:\/\/sipromac.com\/fr\/produit\/retour-a-air-progressif\/","title":{"rendered":"Retour \u00e0 l&#8217;air progressif"},"content":{"rendered":"<p>Cette fonction permet de contr\u00f4ler la vitesse \u00e0 laquelle l&#8217;air r\u00e9int\u00e8gre la machine apr\u00e8s la fermeture du sac. Au lieu que l&#8217;air se pr\u00e9cipite d&#8217;un seul coup, entra\u00eenant l&#8217;\u00e9crasement de certains produits, l&#8217;air s&#8217;introduit progressivement, favorisant un emballage soign\u00e9.<\/p>\n","protected":false},"excerpt":{"rendered":"<p>Cette fonction permet de contr\u00f4ler la vitesse \u00e0 laquelle l&#8217;air r\u00e9int\u00e8gre la machine apr\u00e8s la fermeture du sac. Au lieu que l&#8217;air se pr\u00e9cipite d&#8217;un seul coup, entra\u00eenant l&#8217;\u00e9crasement de certains produits, l&#8217;air s&#8217;introduit progressivement, favorisant un emballage soign\u00e9.<\/p>\n","protected":false},"featured_media":53743,"template":"","meta":{"_acf_changed":false,"_et_pb_use_builder":"","_et_pb_old_content":"","_et_gb_content_width":"","inline_featured_image":false,"slim_seo":{"noindex":true}},"product_brand":[],"product_cat":[36],"product_tag":[],"class_list":{"0":"post-50922","1":"product","2":"type-product","3":"status-publish","4":"has-post-thumbnail","6":"product_cat-options-disponibles","8":"first","9":"outofstock","10":"taxable","11":"shipping-taxable","12":"purchasable","13":"product-type-simple"},"acf":[],"_links":{"self":[{"href":"https:\/\/sipromac.com\/fr\/wp-json\/wp\/v2\/product\/50922","targetHints":{"allow":["GET"]}}],"collection":[{"href":"https:\/\/sipromac.com\/fr\/wp-json\/wp\/v2\/product"}],"about":[{"href":"https:\/\/sipromac.com\/fr\/wp-json\/wp\/v2\/types\/product"}],"wp:featuredmedia":[{"embeddable":true,"href":"https:\/\/sipromac.com\/fr\/wp-json\/wp\/v2\/media\/53743"}],"wp:attachment":[{"href":"https:\/\/sipromac.com\/fr\/wp-json\/wp\/v2\/media?parent=50922"}],"wp:term":[{"taxonomy":"product_brand","embeddable":true,"href":"https:\/\/sipromac.com\/fr\/wp-json\/wp\/v2\/product_brand?post=50922"},{"taxonomy":"product_cat","embeddable":true,"href":"https:\/\/sipromac.com\/fr\/wp-json\/wp\/v2\/product_cat?post=50922"},{"taxonomy":"product_tag","embeddable":true,"href":"https:\/\/sipromac.com\/fr\/wp-json\/wp\/v2\/product_tag?post=50922"}],"curies":[{"name":"wp","href":"https:\/\/api.w.org\/{rel}","templated":true}]}}