{"id":50921,"date":"2022-03-04T12:13:21","date_gmt":"2022-03-04T17:13:21","guid":{"rendered":"https:\/\/sipromac.com\/wp\/?post_type=product&#038;p=50921"},"modified":"2025-05-27T07:36:47","modified_gmt":"2025-05-27T11:36:47","slug":"regulateur-dair","status":"publish","type":"product","link":"https:\/\/sipromac.com\/fr\/produit\/regulateur-dair\/","title":{"rendered":"R\u00e9gulateur d&#8217;air"},"content":{"rendered":"<p>Permet de r\u00e9guler la pression d&#8217;air sous les barres de scellage pour assurer un scellage intact (utilisation pour emballage \u00e0 atmosph\u00e8re modifi\u00e9e (gaz) seulement).<\/p>\n","protected":false},"excerpt":{"rendered":"<p>Permet de r\u00e9guler la pression d&#8217;air sous les barres de scellage pour assurer un scellage intact (utilisation pour emballage \u00e0 atmosph\u00e8re modifi\u00e9e (gaz) seulement).<\/p>\n","protected":false},"featured_media":53741,"template":"","meta":{"_acf_changed":false,"_et_pb_use_builder":"","_et_pb_old_content":"","_et_gb_content_width":"","inline_featured_image":false,"slim_seo":{"noindex":true}},"product_brand":[],"product_cat":[36],"product_tag":[],"class_list":{"0":"post-50921","1":"product","2":"type-product","3":"status-publish","4":"has-post-thumbnail","6":"product_cat-options-disponibles","8":"first","9":"outofstock","10":"taxable","11":"shipping-taxable","12":"purchasable","13":"product-type-simple"},"acf":[],"_links":{"self":[{"href":"https:\/\/sipromac.com\/fr\/wp-json\/wp\/v2\/product\/50921","targetHints":{"allow":["GET"]}}],"collection":[{"href":"https:\/\/sipromac.com\/fr\/wp-json\/wp\/v2\/product"}],"about":[{"href":"https:\/\/sipromac.com\/fr\/wp-json\/wp\/v2\/types\/product"}],"wp:featuredmedia":[{"embeddable":true,"href":"https:\/\/sipromac.com\/fr\/wp-json\/wp\/v2\/media\/53741"}],"wp:attachment":[{"href":"https:\/\/sipromac.com\/fr\/wp-json\/wp\/v2\/media?parent=50921"}],"wp:term":[{"taxonomy":"product_brand","embeddable":true,"href":"https:\/\/sipromac.com\/fr\/wp-json\/wp\/v2\/product_brand?post=50921"},{"taxonomy":"product_cat","embeddable":true,"href":"https:\/\/sipromac.com\/fr\/wp-json\/wp\/v2\/product_cat?post=50921"},{"taxonomy":"product_tag","embeddable":true,"href":"https:\/\/sipromac.com\/fr\/wp-json\/wp\/v2\/product_tag?post=50921"}],"curies":[{"name":"wp","href":"https:\/\/api.w.org\/{rel}","templated":true}]}}