{"id":55607,"date":"2025-10-14T11:16:34","date_gmt":"2025-10-14T15:16:34","guid":{"rendered":"https:\/\/sipromac.com\/trouvez-nous\/"},"modified":"2025-10-14T11:23:44","modified_gmt":"2025-10-14T15:23:44","slug":"trouvez-nous","status":"publish","type":"page","link":"https:\/\/sipromac.com\/fr\/trouvez-nous\/","title":{"rendered":"Trouvez-nous"},"content":{"rendered":"<p>[et_pb_section fb_built=&#8221;1&#8243; theme_builder_area=&#8221;post_content&#8221; _builder_version=&#8221;4.27.4&#8243; _module_preset=&#8221;default&#8221;][et_pb_row _builder_version=&#8221;4.27.4&#8243; _module_preset=&#8221;default&#8221; theme_builder_area=&#8221;post_content&#8221;][et_pb_column _builder_version=&#8221;4.27.4&#8243; _module_preset=&#8221;default&#8221; type=&#8221;4_4&#8243; theme_builder_area=&#8221;post_content&#8221;][et_pb_text _builder_version=&#8221;4.27.4&#8243; _module_preset=&#8221;default&#8221; theme_builder_area=&#8221;post_content&#8221; hover_enabled=&#8221;0&#8243; sticky_enabled=&#8221;0&#8243;]<\/p>\n<h1>Trouvez-nous<\/h1>\n<p>Sipromac travaille avec un vaste r\u00e9seau de distributeurs qualifi\u00e9s \u00e0 travers l\u2019am\u00e9rique pour offrir un service rapide, local et personnalis\u00e9. Nos partenaires sont l\u00e0 pour vous accompagner \u00e0 chaque \u00e9tape. <\/p>\n<p>[\/et_pb_text][\/et_pb_column][\/et_pb_row][et_pb_row _builder_version=&#8221;4.27.4&#8243; _module_preset=&#8221;default&#8221; theme_builder_area=&#8221;post_content&#8221;][et_pb_column _builder_version=&#8221;4.27.4&#8243; _module_preset=&#8221;default&#8221; type=&#8221;4_4&#8243; theme_builder_area=&#8221;post_content&#8221;][et_pb_code _builder_version=&#8221;4.27.4&#8243; _module_preset=&#8221;default&#8221; theme_builder_area=&#8221;post_content&#8221; hover_enabled=&#8221;0&#8243; sticky_enabled=&#8221;0&#8243;]<iframe loading=\"lazy\" src=\"https:\/\/www.google.com\/maps\/d\/u\/0\/embed?mid=1v0RLY88BmvGbM5Uj5HWPqd-7ZIs0Hkc&amp;ehbc=2E312F\" width=\"100%\" height=\"800\"><\/iframe>[\/et_pb_code][\/et_pb_column][\/et_pb_row][\/et_pb_section]<\/p>\n","protected":false},"excerpt":{"rendered":"<p>Trouvez-nous Sipromac travaille avec un vaste r\u00e9seau de distributeurs qualifi\u00e9s \u00e0 travers l\u2019am\u00e9rique pour offrir un service rapide, local et personnalis\u00e9. Nos partenaires sont l\u00e0 pour vous accompagner \u00e0 chaque \u00e9tape.<\/p>\n","protected":false},"author":20,"featured_media":0,"parent":0,"menu_order":0,"comment_status":"closed","ping_status":"closed","template":"","meta":{"_acf_changed":false,"_et_pb_use_builder":"on","_et_pb_old_content":"","_et_gb_content_width":"","inline_featured_image":false,"slim_seo":[],"footnotes":""},"class_list":["post-55607","page","type-page","status-publish","hentry"],"acf":[],"_links":{"self":[{"href":"https:\/\/sipromac.com\/fr\/wp-json\/wp\/v2\/pages\/55607","targetHints":{"allow":["GET"]}}],"collection":[{"href":"https:\/\/sipromac.com\/fr\/wp-json\/wp\/v2\/pages"}],"about":[{"href":"https:\/\/sipromac.com\/fr\/wp-json\/wp\/v2\/types\/page"}],"author":[{"embeddable":true,"href":"https:\/\/sipromac.com\/fr\/wp-json\/wp\/v2\/users\/20"}],"replies":[{"embeddable":true,"href":"https:\/\/sipromac.com\/fr\/wp-json\/wp\/v2\/comments?post=55607"}],"version-history":[{"count":5,"href":"https:\/\/sipromac.com\/fr\/wp-json\/wp\/v2\/pages\/55607\/revisions"}],"predecessor-version":[{"id":55612,"href":"https:\/\/sipromac.com\/fr\/wp-json\/wp\/v2\/pages\/55607\/revisions\/55612"}],"wp:attachment":[{"href":"https:\/\/sipromac.com\/fr\/wp-json\/wp\/v2\/media?parent=55607"}],"curies":[{"name":"wp","href":"https:\/\/api.w.org\/{rel}","templated":true}]}}